{"id":683,"date":"2022-11-21T19:53:13","date_gmt":"2022-11-21T18:53:13","guid":{"rendered":"http:\/\/www.feuerwehren-gersfeld.de\/?page_id=683"},"modified":"2022-11-22T13:32:40","modified_gmt":"2022-11-22T12:32:40","slug":"datenschutzerklaerung","status":"publish","type":"page","link":"https:\/\/www.feuerwehren-gersfeld.de\/?page_id=683","title":{"rendered":"Datenschutz"},"content":{"rendered":"\n<p><strong>Datenschutzerkl\u00e4rung<\/strong><\/p>\n\n\n\n<p><strong>1. Datenschutz auf einen Blick<\/strong><\/p>\n\n\n\n<p><strong>Allgemeine Hinweise<\/strong><\/p>\n\n\n\n<p>Die folgenden\nHinweise geben einen einfachen \u00dcberblick dar\u00fcber, was mit Ihren\npersonenbezogenen Daten passiert, wenn Sie diese Website besuchen.\nPersonenbezogene Daten sind alle Daten, mit denen Sie pers\u00f6nlich identifiziert\nwerden k\u00f6nnen. Ausf\u00fchrliche Informationen zum Thema Datenschutz entnehmen Sie\nunserer unter diesem Text aufgef\u00fchrten Datenschutzerkl\u00e4rung.<\/p>\n\n\n\n<p><strong>Datenerfassung auf dieser Website<\/strong><\/p>\n\n\n\n<p>Wer ist\nverantwortlich f\u00fcr die Datenerfassung auf dieser Website?<\/p>\n\n\n\n<p>Die\nDatenverarbeitung auf dieser Website erfolgt durch den Websitebetreiber. Dessen\nKontaktdaten<\/p>\n\n\n\n<p>k\u00f6nnen Sie dem\nAbschnitt \u201eHinweis zur Verantwortlichen Stelle\u201c in dieser Datenschutzerkl\u00e4rung\nentnehmen.<\/p>\n\n\n\n<p><strong>Wie erfassen wir Ihre Daten?<\/strong><\/p>\n\n\n\n<p>Ihre Daten\nwerden zum einen dadurch erhoben, dass Sie uns diese mitteilen. Hierbei kann es\nsich z. B. um Daten handeln, die Sie in ein Kontaktformular eingeben. Andere\nDaten werden automatisch oder nach Ihrer Einwilligung beim Besuch der Website\ndurch unsere IT-Systeme erfasst. Das sind vor allem technische Daten (z. B.\nInternetbrowser, Betriebssystem oder Uhrzeit des Seitenaufrufs). Die Erfassung\ndieser Daten erfolgt automatisch, sobald Sie diese Website betreten.<\/p>\n\n\n\n<p><strong>Wof\u00fcr nutzen wir Ihre Daten?<\/strong><\/p>\n\n\n\n<p>Ein Teil der\nDaten wird erhoben, um eine fehlerfreie Bereitstellung der Website zu\ngew\u00e4hrleisten. Andere Daten k\u00f6nnen zur Analyse Ihres Nutzerverhaltens verwendet\nwerden.<\/p>\n\n\n\n<p><strong>Welche Rechte haben Sie bez\u00fcglich Ihrer Daten?<\/strong><\/p>\n\n\n\n<p>Sie haben\njederzeit das Recht, unentgeltlich Auskunft \u00fcber Herkunft, Empf\u00e4nger und Zweck\nIhrer<\/p>\n\n\n\n<p>gespeicherten\npersonenbezogenen Daten zu erhalten. Sie haben au\u00dferdem ein Recht, die\nBerichtigung oder L\u00f6schung dieser Daten zu verlangen. Wenn Sie eine\nEinwilligung zur Datenverarbeitung erteilt haben, k\u00f6nnen Sie diese Einwilligung\njederzeit f\u00fcr die Zukunft widerrufen. Au\u00dferdem haben Sie das Recht, unter bestimmten\nUmst\u00e4nden die Einschr\u00e4nkung der Verarbeitung Ihrer personenbezogenen Daten zu\nverlangen. Des Weiteren steht Ihnen ein Beschwerderecht bei der zust\u00e4ndigen\nAufsichtsbeh\u00f6rde zu.<\/p>\n\n\n\n<p>Hierzu sowie zu\nweiteren Fragen zum Thema Datenschutz k\u00f6nnen Sie sich jederzeit an uns wenden.<\/p>\n\n\n\n<p><strong>2. Hosting<\/strong><\/p>\n\n\n\n<p>Wir hosten die\nInhalte unserer Website bei folgendem Anbieter:<\/p>\n\n\n\n<p><strong>Externes Hosting<\/strong><\/p>\n\n\n\n<p>Diese Website\nwird extern gehostet. Die personenbezogenen Daten, die auf dieser Website\nerfasst werden, werden auf den Servern des Hosters \/ der Hoster gespeichert.\nHierbei kann es sich v. a. um IP-Adressen, Kontaktanfragen, Meta- und\nKommunikationsdaten, Vertragsdaten, Kontaktdaten, Namen, Websitezugriffe und\nsonstige Daten, die \u00fcber eine Website generiert werden, handeln.<\/p>\n\n\n\n<p>Das externe\nHosting erfolgt zum Zwecke der Vertragserf\u00fcllung gegen\u00fcber unseren potenziellen\nund<\/p>\n\n\n\n<p>bestehenden\nKunden (Art. 6 Abs. 1 lit. b DSGVO) und im Interesse einer sicheren, schnellen\nund effizienten Bereitstellung unseres Online-Angebots durch einen\nprofessionellen Anbieter (Art. 6 Abs. 1 lit. f DSGVO). Sofern eine\nentsprechende Einwilligung abgefragt wurde, erfolgt die Verarbeitung\nausschlie\u00dflich auf Grundlage von Art. 6 Abs. 1 lit. a DSGVO und \u00a7 25 Abs. 1\nTTDSG, soweit die Einwilligung die Speicherung von Cookies oder den Zugriff auf\nInformationen im Endger\u00e4t des Nutzers (z. B. Device-Fingerprinting) im Sinne\ndes TTDSG umfasst. Die Einwilligung ist jederzeit widerrufbar.<\/p>\n\n\n\n<p>Unser(e) Hoster\nwird bzw. werden Ihre Daten nur insoweit verarbeiten, wie dies zur Erf\u00fcllung\nseiner<\/p>\n\n\n\n<p>Leistungspflichten\nerforderlich ist und unsere Weisungen in Bezug auf diese Daten befolgen.<\/p>\n\n\n\n<p>Wir setzen\nfolgende(n) Hoster ein:<\/p>\n\n\n\n<p>Kontaktdaten<\/p>\n\n\n\n<p>dogado GmbH<\/p>\n\n\n\n<p>Antonio-Segni-Stra\u00dfe\n11<\/p>\n\n\n\n<p>D-44263\nDortmund<\/p>\n\n\n\n<p>KONTENT<\/p>\n\n\n\n<p>Hotline: +49\n203 3094 340<\/p>\n\n\n\n<p>Fax: +49 (0)\n231 \/ 28 66 20 20<\/p>\n\n\n\n<p>E-Mail:\ninfo@kontent.com<\/p>\n\n\n\n<p><strong>3. Allgemeine Hinweise und Pflichtinformationen<\/strong><\/p>\n\n\n\n<p><strong>Datenschutz<\/strong><\/p>\n\n\n\n<p>Die Betreiber\ndieser Seiten nehmen den Schutz Ihrer pers\u00f6nlichen Daten sehr ernst. Wir\nbehandeln Ihre personenbezogenen Daten vertraulich und entsprechend den\ngesetzlichen Datenschutzvorschriften sowie dieser Datenschutzerkl\u00e4rung.<\/p>\n\n\n\n<p>Wenn Sie diese\nWebsite benutzen, werden verschiedene personenbezogene Daten erhoben.<\/p>\n\n\n\n<p>Personenbezogene\nDaten sind Daten, mit denen Sie pers\u00f6nlich identifiziert werden k\u00f6nnen. Die\nvorliegende Datenschutzerkl\u00e4rung erl\u00e4utert, welche Daten wir erheben und wof\u00fcr\nwir sie nutzen. Sie erl\u00e4utert auch, wie und zu welchem Zweck das geschieht.<\/p>\n\n\n\n<p>Wir weisen\ndarauf hin, dass die Daten\u00fcbertragung im Internet (z. B. bei der Kommunikation\nper E-Mail) Sicherheitsl\u00fccken aufweisen kann. Ein l\u00fcckenloser Schutz der Daten\nvor dem Zugriff durch Dritte ist nicht m\u00f6glich.<\/p>\n\n\n\n<p><strong>Hinweis zur verantwortlichen Stelle<\/strong><\/p>\n\n\n\n<p>Die\nverantwortliche Stelle f\u00fcr die Datenverarbeitung auf dieser Website ist:<\/p>\n\n\n\n<p>Die Freiwilligen\nFeuerwehren der Stadt Gersfeld\/Rh\u00f6n<\/p>\n\n\n\n<p>Marktplatz 19<\/p>\n\n\n\n<p>36129 Gersfeld<\/p>\n\n\n\n<p>Telefon: Tel.:\n+49 (0) 6654 \/ 17-0<\/p>\n\n\n\n<p>E-Mail: <a href=\"mailto:info@feuerwehren-gersfeld.de\">info@feuerwehren-gersfeld.de<\/a><\/p>\n\n\n\n<p>Verantwortliche\nStelle ist die nat\u00fcrliche oder juristische Person, die allein oder gemeinsam\nmit anderen \u00fcber die Zwecke und Mittel der Verarbeitung von personenbezogenen\nDaten (z. B. Namen, E-Mail-Adressen o. \u00c4.) entscheidet.<\/p>\n\n\n\n<p><strong>Speicherdauer<\/strong><\/p>\n\n\n\n<p>Soweit innerhalb\ndieser Datenschutzerkl\u00e4rung keine speziellere Speicherdauer genannt wurde,\nverbleiben Ihre personenbezogenen Daten bei uns, bis der Zweck f\u00fcr die\nDatenverarbeitung entf\u00e4llt. Wenn Sie ein berechtigtes L\u00f6schersuchen geltend\nmachen oder eine Einwilligung zur Datenverarbeitung widerrufen, werden Ihre\nDaten gel\u00f6scht, sofern wir keine anderen rechtlich zul\u00e4ssigen Gr\u00fcnde f\u00fcr die\nSpeicherung Ihrer personenbezogenen Daten haben (z. B. steuer- oder\nhandelsrechtliche Aufbewahrungsfristen); im letztgenannten Fall erfolgt die\nL\u00f6schung nach Fortfall dieser Gr\u00fcnde.<\/p>\n\n\n\n<p><strong>Allgemeine Hinweise zu den Rechtsgrundlagen der Datenverarbeitung auf\ndieser<\/strong><\/p>\n\n\n\n<p><strong>Website<\/strong><\/p>\n\n\n\n<p>Sofern Sie in\ndie Datenverarbeitung eingewilligt haben, verarbeiten wir Ihre\npersonenbezogenen Daten auf Grundlage von Art. 6 Abs. 1 lit. a DSGVO bzw. Art.\n9 Abs. 2 lit. a DSGVO, sofern besondere Datenkategorien nach Art. 9 Abs. 1\nDSGVO verarbeitet werden. Im Falle einer ausdr\u00fccklichen Einwilligung in die\n\u00dcbertragung personenbezogener Daten in Drittstaaten erfolgt die\nDatenverarbeitung au\u00dferdem auf Grundlage von Art. 49 Abs. 1 lit. a DSGVO.\nSofern Sie in die Speicherung von Cookies oder in den Zugriff auf Informationen\nin Ihr Endger\u00e4t (z. B. via Device-Fingerprinting) eingewilligt haben, erfolgt\ndie Datenverarbeitung zus\u00e4tzlich auf Grundlage von \u00a7 25 Abs. 1 TTDSG. Die\nEinwilligung ist jederzeit widerrufbar. Sind Ihre Daten zur Vertragserf\u00fcllung\noder zur Durchf\u00fchrung vorvertraglicher Ma\u00dfnahmen erforderlich, verarbeiten wir\nIhre Daten auf Grundlage des Art. 6 Abs. 1 lit. b DSGVO. Des Weiteren\nverarbeiten wir Ihre Daten, sofern diese zur Erf\u00fcllung einer rechtlichen\nVerpflichtung erforderlich sind auf Grundlage von Art. 6 Abs. 1 lit. c DSGVO. Die\nDatenverarbeitung kann ferner auf Grundlage unseres berechtigten Interesses\nnach Art. 6 Abs. 1 lit. f<\/p>\n\n\n\n<p>DSGVO erfolgen.\n\u00dcber die jeweils im Einzelfall einschl\u00e4gigen Rechtsgrundlagen wird in den\nfolgenden<\/p>\n\n\n\n<p>Abs\u00e4tzen dieser\nDatenschutzerkl\u00e4rung informiert.<\/p>\n\n\n\n<p><strong>Widerruf Ihrer Einwilligung zur Datenverarbeitung<\/strong><\/p>\n\n\n\n<p>Viele\nDatenverarbeitungsvorg\u00e4nge sind nur mit Ihrer ausdr\u00fccklichen Einwilligung\nm\u00f6glich. Sie k\u00f6nnen eine bereits erteilte Einwilligung jederzeit widerrufen.\nDie Rechtm\u00e4\u00dfigkeit der bis zum Widerruf erfolgten Datenverarbeitung bleibt vom\nWiderruf unber\u00fchrt.<\/p>\n\n\n\n<p><strong>Widerspruchsrecht gegen die Datenerhebung in besonderen F\u00e4llen sowie gegen<\/strong><\/p>\n\n\n\n<p><strong>Direktwerbung (Art. 21 DSGVO)<\/strong><\/p>\n\n\n\n<p>WENN DIE\nDATENVERARBEITUNG AUF GRUNDLAGE VON ART. 6 ABS. 1 LIT. E ODER F DSGVO ERFOLGT,\nHABEN SIE JEDERZEIT DAS RECHT, AUS GR\u00dcNDEN, DIE SICH AUS IHRER BESONDEREN SITUATION\nERGEBEN, GEGEN DIE VERARBEITUNG IHRER PERSONENBEZOGENEN DATEN WIDERSPRUCH\nEINZULEGEN; DIES GILT AUCH F\u00dcR EIN AUF DIESE BESTIMMUNGEN GEST\u00dcTZTES PROFILING.\nDIE JEWEILIGE RECHTSGRUNDLAGE, AUF DENEN EINE VERARBEITUNG BERUHT, ENTNEHMEN\nSIE DIESER DATENSCHUTZERKL\u00c4RUNG. WENN SIE WIDERSPRUCH EINLEGEN, WERDEN WIR IHRE\nBETROFFENEN PERSONENBEZOGENEN DATEN NICHT MEHR VERARBEITEN, ES SEI DENN, WIR\nK\u00d6NNEN ZWINGENDE SCHUTZW\u00dcRDIGE GR\u00dcNDE F\u00dcR DIE VERARBEITUNG NACHWEISEN, DIE IHRE\nINTERESSEN, RECHTE UND FREIHEITEN \u00dcBERWIEGEN ODER DIE<\/p>\n\n\n\n<p>VERARBEITUNG\nDIENT DER GELTENDMACHUNG, AUS\u00dcBUNG ODER VERTEIDIGUNG VON<\/p>\n\n\n\n<p>RECHTSANSPR\u00dcCHEN\n(WIDERSPRUCH NACH ART. 21 ABS. 1 DSGVO).<\/p>\n\n\n\n<p>WERDEN IHRE\nPERSONENBEZOGENEN DATEN VERARBEITET, UM DIREKTWERBUNG ZU BETREIBEN, SO HABEN\nSIE DAS RECHT, JEDERZEIT WIDERSPRUCH GEGEN DIE VERARBEITUNG SIE BETREFFENDER\nPERSONENBEZOGENER DATEN ZUM ZWECKE DERARTIGER WERBUNG EINZULEGEN; DIES GILT\nAUCH F\u00dcR DAS PROFILING, SOWEIT ES MIT SOLCHER DIREKTWERBUNG IN VERBINDUNG\nSTEHT. WENN SIE WIDERSPRECHEN, WERDEN IHRE PERSONENBEZOGENEN DATEN ANSCHLIESSEND\nNICHT MEHR ZUM ZWECKE DER DIREKTWERBUNG VERWENDET (WIDERSPRUCH NACH ART. 21\nABS. 2 DSGVO).<\/p>\n\n\n\n<p><strong>Beschwerderecht bei der zust\u00e4ndigen Aufsichtsbeh\u00f6rde<\/strong><\/p>\n\n\n\n<p>Im Falle von\nVerst\u00f6\u00dfen gegen die DSGVO steht den Betroffenen ein Beschwerderecht bei einer<\/p>\n\n\n\n<p>Aufsichtsbeh\u00f6rde,\ninsbesondere in dem Mitgliedstaat ihres gew\u00f6hnlichen Aufenthalts, ihres\nArbeitsplatzes oder des Orts des mutma\u00dflichen Versto\u00dfes zu. Das Beschwerderecht\nbesteht unbeschadet anderweitiger verwaltungsrechtlicher oder gerichtlicher\nRechtsbehelfe.<\/p>\n\n\n\n<p><strong>Recht auf Daten\u00fcbertragbarkeit<\/strong><\/p>\n\n\n\n<p>Sie haben das\nRecht, Daten, die wir auf Grundlage Ihrer Einwilligung oder in Erf\u00fcllung eines\nVertrags<\/p>\n\n\n\n<p>automatisiert\nverarbeiten, an sich oder an einen Dritten in einem g\u00e4ngigen, maschinenlesbaren\nFormat aush\u00e4ndigen zu lassen. Sofern Sie die direkte \u00dcbertragung der Daten an einen\nanderen Verantwortlichen verlangen, erfolgt dies nur, soweit es technisch\nmachbar ist.<\/p>\n\n\n\n<p><strong>Auskunft, L\u00f6schung und Berichtigung<\/strong><\/p>\n\n\n\n<p>Sie haben im\nRahmen der geltenden gesetzlichen Bestimmungen jederzeit das Recht auf\nunentgeltliche Auskunft \u00fcber Ihre gespeicherten personenbezogenen Daten, deren\nHerkunft und Empf\u00e4nger und den Zweck der Datenverarbeitung und ggf. ein Recht\nauf Berichtigung oder L\u00f6schung dieser Daten. Hierzu sowie zu weiteren Fragen\nzum Thema personenbezogene Daten k\u00f6nnen Sie sich jederzeit an uns wenden.<\/p>\n\n\n\n<p><strong>Recht auf Einschr\u00e4nkung der Verarbeitung<\/strong><\/p>\n\n\n\n<p>Sie haben das\nRecht, die Einschr\u00e4nkung der Verarbeitung Ihrer personenbezogenen Daten zu\nverlangen. Hierzu k\u00f6nnen Sie sich jederzeit an uns wenden. Das Recht auf\nEinschr\u00e4nkung der Verarbeitung besteht in folgenden F\u00e4llen:<\/p>\n\n\n\n<ul class=\"wp-block-list\">\n<li>Wenn Sie die Richtigkeit Ihrer bei uns gespeicherten personenbezogenen\nDaten bestreiten, ben\u00f6tigen wir in der Regel Zeit, um dies zu \u00fcberpr\u00fcfen. F\u00fcr\ndie Dauer der Pr\u00fcfung haben Sie das Recht, die Einschr\u00e4nkung der Verarbeitung\nIhrer personenbezogenen Daten zu verlangen.<\/li>\n\n\n\n<li>Wenn die Verarbeitung Ihrer personenbezogenen Daten unrechtm\u00e4\u00dfig\ngeschah\/geschieht, k\u00f6nnen Sie statt der L\u00f6schung die Einschr\u00e4nkung der\nDatenverarbeitung verlangen.<\/li>\n\n\n\n<li>Wenn wir Ihre personenbezogenen Daten nicht mehr ben\u00f6tigen, Sie sie jedoch\nzur Aus\u00fcbung, Verteidigung oder Geltendmachung von Rechtsanspr\u00fcchen ben\u00f6tigen,\nhaben Sie das Recht, statt der L\u00f6schung die Einschr\u00e4nkung der Verarbeitung\nIhrer personenbezogenen Daten zu verlangen.<\/li>\n\n\n\n<li>Wenn Sie einen Widerspruch nach Art. 21 Abs. 1 DSGVO eingelegt haben, muss\neine Abw\u00e4gung zwischen Ihren und unseren Interessen vorgenommen werden. Solange\nnoch nicht feststeht, wessen Interessen \u00fcberwiegen, haben Sie das Recht, die\nEinschr\u00e4nkung der Verarbeitung Ihrer personenbezogenen Daten zu verlangen.<\/li>\n<\/ul>\n\n\n\n<p>Wenn Sie die\nVerarbeitung Ihrer personenbezogenen Daten eingeschr\u00e4nkt haben, d\u00fcrfen diese\nDaten \u2013 von ihrer Speicherung abgesehen \u2013 nur mit Ihrer Einwilligung oder zur\nGeltendmachung, Aus\u00fcbung oder Verteidigung von Rechtsanspr\u00fcchen oder zum Schutz\nder Rechte einer anderen nat\u00fcrlichen oder juristischen Person oder aus Gr\u00fcnden\neines wichtigen \u00f6ffentlichen Interesses der Europ\u00e4ischen Union oder eines\nMitgliedstaats verarbeitet werden.<\/p>\n\n\n\n<p>Quelle:<\/p>\n\n\n\n<p><a href=\"https:\/\/www.e-recht24.de\">https:\/\/www.e-recht24.de<\/a><\/p>\n","protected":false},"excerpt":{"rendered":"<p>Datenschutzerkl\u00e4rung 1. Datenschutz auf einen Blick Allgemeine Hinweise Die folgenden Hinweise geben einen einfachen \u00dcberblick dar\u00fcber, was mit Ihren personenbezogenen Daten passiert, wenn Sie diese Website besuchen. Personenbezogene Daten sind alle Daten, mit denen Sie pers\u00f6nlich identifiziert werden k\u00f6nnen. Ausf\u00fchrliche Informationen zum Thema Datenschutz entnehmen Sie unserer unter diesem Text aufgef\u00fchrten Datenschutzerkl\u00e4rung. Datenerfassung auf dieser [&hellip;]<\/p>\n","protected":false},"author":2,"featured_media":0,"parent":0,"menu_order":7,"comment_status":"closed","ping_status":"closed","template":"","meta":{"footnotes":""},"class_list":["post-683","page","type-page","status-publish","hentry"],"_links":{"self":[{"href":"https:\/\/www.feuerwehren-gersfeld.de\/index.php?rest_route=\/wp\/v2\/pages\/683","targetHints":{"allow":["GET"]}}],"collection":[{"href":"https:\/\/www.feuerwehren-gersfeld.de\/index.php?rest_route=\/wp\/v2\/pages"}],"about":[{"href":"https:\/\/www.feuerwehren-gersfeld.de\/index.php?rest_route=\/wp\/v2\/types\/page"}],"author":[{"embeddable":true,"href":"https:\/\/www.feuerwehren-gersfeld.de\/index.php?rest_route=\/wp\/v2\/users\/2"}],"replies":[{"embeddable":true,"href":"https:\/\/www.feuerwehren-gersfeld.de\/index.php?rest_route=%2Fwp%2Fv2%2Fcomments&post=683"}],"version-history":[{"count":2,"href":"https:\/\/www.feuerwehren-gersfeld.de\/index.php?rest_route=\/wp\/v2\/pages\/683\/revisions"}],"predecessor-version":[{"id":695,"href":"https:\/\/www.feuerwehren-gersfeld.de\/index.php?rest_route=\/wp\/v2\/pages\/683\/revisions\/695"}],"wp:attachment":[{"href":"https:\/\/www.feuerwehren-gersfeld.de\/index.php?rest_route=%2Fwp%2Fv2%2Fmedia&parent=683"}],"curies":[{"name":"wp","href":"https:\/\/api.w.org\/{rel}","templated":true}]}}