{"id":55,"date":"2014-08-18T15:24:02","date_gmt":"2014-08-18T13:24:02","guid":{"rendered":"http:\/\/www.feuerwehren-gersfeld.de\/?page_id=55"},"modified":"2022-11-22T13:26:31","modified_gmt":"2022-11-22T12:26:31","slug":"hettenhausen","status":"publish","type":"page","link":"https:\/\/www.feuerwehren-gersfeld.de\/?page_id=55","title":{"rendered":"Hettenhausen"},"content":{"rendered":"<div id=\"attachment_56\" style=\"width: 650px\" class=\"wp-caption aligncenter\"><a href=\"https:\/\/www.feuerwehren-gersfeld.de\/wp-content\/uploads\/491709637201.jpg\"><img loading=\"lazy\" decoding=\"async\" aria-describedby=\"caption-attachment-56\" class=\"size-full wp-image-56\" src=\"https:\/\/www.feuerwehren-gersfeld.de\/wp-content\/uploads\/491709637201.jpg\" alt=\"Feuerwehrhaus mit Fahrzeugen\" width=\"640\" height=\"640\" srcset=\"https:\/\/www.feuerwehren-gersfeld.de\/wp-content\/uploads\/491709637201.jpg 640w, https:\/\/www.feuerwehren-gersfeld.de\/wp-content\/uploads\/491709637201-150x150.jpg 150w, https:\/\/www.feuerwehren-gersfeld.de\/wp-content\/uploads\/491709637201-300x300.jpg 300w, https:\/\/www.feuerwehren-gersfeld.de\/wp-content\/uploads\/491709637201-624x624.jpg 624w\" sizes=\"auto, (max-width: 640px) 100vw, 640px\" \/><\/a><p id=\"caption-attachment-56\" class=\"wp-caption-text\">Feuerwehrhaus mit Fahrzeugen<\/p><\/div>\n<p><strong>Die Freiwillige Feuerwehr Gersfeld &#8211; Hettenhausen<\/strong><\/p>\n<p>Die Freiwillige Feuerwehr Gersfeld \u2013 Hettenhausen wurde 1935 gegr\u00fcndet und feiert im Jahr 2010 ihr 75- j\u00e4hriges Bestehen.<\/p>\n<p>Die Einsatzabteilung wird durch den Wehrf\u00fchrer und stellvertretenden Wehrf\u00fchrer geleitet.<br \/>\nDer Feuerwehrverein vom Vorstand.<\/p>\n<p>Zum heutigen Zeitpunkt leisten 38 Frauen und M\u00e4nner in drei Gruppen ihren Dienst am N\u00e4chsten.<\/p>\n<p>Die Jugendfeuerwehr wurde 1974 gegr\u00fcndet. Sie besteht zur Zeit aus ca. 14 Jungen und M\u00e4dchen. Eine Bambini- Gruppe ist zur Zeit auch in der Feuerwehr aktiv, in der ca. 8 Kinder sich spielerisch mit den Aufgaben der Feuerwehr besch\u00e4ftigen.<\/p>\n<p>Die Wehr Hettenhausen besitzt ein L\u00f6schgruppenfahrzeug (LF 10\/6), ein Tragkraftspritzenfahrzeug (TSF) und ein Mannschaftstransportfahrzeug (MTF) f\u00fcr die Eins\u00e4tze, die sie zu leisten hat.<\/p>\n<p>Es besteht eine gut ausgebildete Mannschaft, die an 24 Stunden am Tag, 365 Tage im Jahr sich bei Not- und Ungl\u00fccksf\u00e4llen f\u00fcr die Mitb\u00fcrger einsetzt.<\/p>\n<p>Die Jugendlichen und aktiven Frauen und M\u00e4nner in der FFW-Hettenhausen versehen ihren Dienst nach dem Motto \u201eEiner f\u00fcr Alle, alle f\u00fcr einen\u201c.<\/p>\n","protected":false},"excerpt":{"rendered":"<p>Die Freiwillige Feuerwehr Gersfeld &#8211; Hettenhausen Die Freiwillige Feuerwehr Gersfeld \u2013 Hettenhausen wurde 1935 gegr\u00fcndet und feiert im Jahr 2010 ihr 75- j\u00e4hriges Bestehen. Die Einsatzabteilung wird durch den Wehrf\u00fchrer und stellvertretenden Wehrf\u00fchrer geleitet. Der Feuerwehrverein vom Vorstand. Zum heutigen Zeitpunkt leisten 38 Frauen und M\u00e4nner in drei Gruppen ihren Dienst am N\u00e4chsten. Die Jugendfeuerwehr [&hellip;]<\/p>\n","protected":false},"author":2,"featured_media":0,"parent":13,"menu_order":5,"comment_status":"closed","ping_status":"closed","template":"","meta":{"footnotes":""},"class_list":["post-55","page","type-page","status-publish","hentry"],"_links":{"self":[{"href":"https:\/\/www.feuerwehren-gersfeld.de\/index.php?rest_route=\/wp\/v2\/pages\/55","targetHints":{"allow":["GET"]}}],"collection":[{"href":"https:\/\/www.feuerwehren-gersfeld.de\/index.php?rest_route=\/wp\/v2\/pages"}],"about":[{"href":"https:\/\/www.feuerwehren-gersfeld.de\/index.php?rest_route=\/wp\/v2\/types\/page"}],"author":[{"embeddable":true,"href":"https:\/\/www.feuerwehren-gersfeld.de\/index.php?rest_route=\/wp\/v2\/users\/2"}],"replies":[{"embeddable":true,"href":"https:\/\/www.feuerwehren-gersfeld.de\/index.php?rest_route=%2Fwp%2Fv2%2Fcomments&post=55"}],"version-history":[{"count":2,"href":"https:\/\/www.feuerwehren-gersfeld.de\/index.php?rest_route=\/wp\/v2\/pages\/55\/revisions"}],"predecessor-version":[{"id":84,"href":"https:\/\/www.feuerwehren-gersfeld.de\/index.php?rest_route=\/wp\/v2\/pages\/55\/revisions\/84"}],"up":[{"embeddable":true,"href":"https:\/\/www.feuerwehren-gersfeld.de\/index.php?rest_route=\/wp\/v2\/pages\/13"}],"wp:attachment":[{"href":"https:\/\/www.feuerwehren-gersfeld.de\/index.php?rest_route=%2Fwp%2Fv2%2Fmedia&parent=55"}],"curies":[{"name":"wp","href":"https:\/\/api.w.org\/{rel}","templated":true}]}}