{"id":2,"date":"2014-08-14T18:45:49","date_gmt":"2014-08-14T16:45:49","guid":{"rendered":"http:\/\/www.feuerwehren-gersfeld.de\/?page_id=2"},"modified":"2025-01-31T09:30:30","modified_gmt":"2025-01-31T08:30:30","slug":"beispiel-seite","status":"publish","type":"page","link":"https:\/\/www.feuerwehren-gersfeld.de\/?page_id=2","title":{"rendered":"Kontakt"},"content":{"rendered":"<p><strong>Anschrift<\/strong><\/p>\n<p>Die Freiwilligen Feuerwehren der Stadt Gersfeld\/Rh\u00f6n<\/p>\n<p>vertreten durch die Stadt Gersfeld\/Rh\u00f6n<\/p>\n<p>Marktplatz 19<br \/>\n36129 Gersfeld<\/p>\n<p>E-Mail: info@feuerwehren-gersfeld.de<\/p>\n<p><strong>Ansprechpartner<\/strong><\/p>\n<p>Stadtbrandinspektor, Stefan H\u00fcttner<\/p>\n<p>Stellvertretender Stadtbrandinspektor &#8211; <b>Vakanz &#8211;<\/b><\/p>\n<p>2. stellvertretender Stadtbrandinspektor, Andr\u00e9 Gundelach<\/p>\n<p>Notruf: 112<\/p>\n","protected":false},"excerpt":{"rendered":"<p>Anschrift Die Freiwilligen Feuerwehren der Stadt Gersfeld\/Rh\u00f6n vertreten durch die Stadt Gersfeld\/Rh\u00f6n Marktplatz 19 36129 Gersfeld E-Mail: info@feuerwehren-gersfeld.de Ansprechpartner Stadtbrandinspektor, Stefan H\u00fcttner Stellvertretender Stadtbrandinspektor &#8211; Vakanz &#8211; 2. stellvertretender Stadtbrandinspektor, Andr\u00e9 Gundelach Notruf: 112<\/p>\n","protected":false},"author":2,"featured_media":0,"parent":0,"menu_order":5,"comment_status":"closed","ping_status":"closed","template":"","meta":{"footnotes":""},"class_list":["post-2","page","type-page","status-publish","hentry"],"_links":{"self":[{"href":"https:\/\/www.feuerwehren-gersfeld.de\/index.php?rest_route=\/wp\/v2\/pages\/2","targetHints":{"allow":["GET"]}}],"collection":[{"href":"https:\/\/www.feuerwehren-gersfeld.de\/index.php?rest_route=\/wp\/v2\/pages"}],"about":[{"href":"https:\/\/www.feuerwehren-gersfeld.de\/index.php?rest_route=\/wp\/v2\/types\/page"}],"author":[{"embeddable":true,"href":"https:\/\/www.feuerwehren-gersfeld.de\/index.php?rest_route=\/wp\/v2\/users\/2"}],"replies":[{"embeddable":true,"href":"https:\/\/www.feuerwehren-gersfeld.de\/index.php?rest_route=%2Fwp%2Fv2%2Fcomments&post=2"}],"version-history":[{"count":7,"href":"https:\/\/www.feuerwehren-gersfeld.de\/index.php?rest_route=\/wp\/v2\/pages\/2\/revisions"}],"predecessor-version":[{"id":796,"href":"https:\/\/www.feuerwehren-gersfeld.de\/index.php?rest_route=\/wp\/v2\/pages\/2\/revisions\/796"}],"wp:attachment":[{"href":"https:\/\/www.feuerwehren-gersfeld.de\/index.php?rest_route=%2Fwp%2Fv2%2Fmedia&parent=2"}],"curies":[{"name":"wp","href":"https:\/\/api.w.org\/{rel}","templated":true}]}}