{"id":18,"date":"2014-08-16T18:50:40","date_gmt":"2014-08-16T16:50:40","guid":{"rendered":"http:\/\/www.feuerwehren-gersfeld.de\/?page_id=18"},"modified":"2025-11-30T08:52:55","modified_gmt":"2025-11-30T07:52:55","slug":"gersfeld-mitte","status":"publish","type":"page","link":"https:\/\/www.feuerwehren-gersfeld.de\/?page_id=18","title":{"rendered":"Gersfeld-Kernstadt"},"content":{"rendered":"<p>&nbsp;<\/p>\n<p>Die Jugendfeuerwehr Gersfeld-Kernstadt wurde am 05.09.1993 gegr\u00fcndet.<\/p>\n<p>Die T\u00e4tigkeiten in der Jugendfeuerwehr bestehen aus 50% allgemeiner Jugendarbeit und 50% Feuerwehrtechnischer Dienst.<\/p>\n<p><strong>Unter allgemeiner Jugendarbeit versteht man:<\/strong><\/p>\n<ul>\n<li style=\"list-style-type: none;\">\n<ul>\n<li>Spiel, Spa\u00df und Sport<\/li>\n<li>Aufbau und Durchf\u00fchrung des Hutzelfeuers<\/li>\n<li>Rosenmontagswagenbau<\/li>\n<li>Besichtigungen<\/li>\n<li>Erlebniswanderungen<\/li>\n<li>Zeltlager<\/li>\n<li>&#8222;Disco&#8220;<\/li>\n<li>Ausfl\u00fcge<\/li>\n<li>H\u00fcttenabend<\/li>\n<li>Tischtennistuniere<\/li>\n<li>Kickertuniere<\/li>\n<li>Volleyball<\/li>\n<li>und vieles mehr<\/li>\n<\/ul>\n<\/li>\n<\/ul>\n<p><strong>Unter Feuerwehrtechnischer Dienst versteht man:<\/strong><\/p>\n<ul>\n<li style=\"list-style-type: none;\">\n<ul>\n<li style=\"list-style-type: none;\">\n<ul>\n<li style=\"list-style-type: none;\">\n<ul>\n<li>Feuerwehrdienstvorschrift (FwDv)<\/li>\n<li>Pumpen und Wasserf\u00f6rderung<\/li>\n<li>Ausbildung an Leitern<\/li>\n<li>Tier- und Menschenrettung<\/li>\n<li>Erste Hilfe<\/li>\n<li>Umweltschutz<\/li>\n<li>Berufsfeuerwehrtag (24 Stunden leben und arbeiten wie Berufsfeuerwehrleute)<\/li>\n<li>Wettk\u00e4mpfe (Stadtmeisterschaften und Leistungspange)<\/li>\n<\/ul>\n<\/li>\n<\/ul>\n<\/li>\n<\/ul>\n<\/li>\n<\/ul>\n<p><strong>Wie werde ich Mitglied?<\/strong><br \/>\nKomm doch einfach mal in einer unserer \u00dcbungen vorbei.<\/p>\n<p>Gersfeld-Kernstadt: Freitags, 18:30 Uhr &#8211; 20:30 Uhr<br \/>\nFeuerwehrst\u00fctzpunkt Gersfeld<br \/>\nBerliner Str. 9<\/p>\n<p><strong>Kontakt:<\/strong><\/p>\n<table style=\"height: 154px;\" width=\"604\">\n<tbody>\n<tr>\n<td>Jugendfeuerwehrwartin:<\/td>\n<td>Ruth Werners<\/td>\n<\/tr>\n<tr>\n<td>1. stellv. Jugendfeuerwehrwart:<\/td>\n<td>Jannik Maul<\/td>\n<\/tr>\n<tr>\n<td>2. stellv. Jugendfeuerwehrwart:<\/td>\n<td>Andr\u00e9 Schinkentanz<\/td>\n<\/tr>\n<tr>\n<td><\/td>\n<td>\n<p style=\"margin: 0cm; margin-bottom: .0001pt;\">\n<\/td>\n<\/tr>\n<tr>\n<td>E-Mail:<\/td>\n<td>j.beck@feuerwehr-gersfeld.de<\/td>\n<\/tr>\n<\/tbody>\n<\/table>\n","protected":false},"excerpt":{"rendered":"<p>&nbsp; Die Jugendfeuerwehr Gersfeld-Kernstadt wurde am 05.09.1993 gegr\u00fcndet. Die T\u00e4tigkeiten in der Jugendfeuerwehr bestehen aus 50% allgemeiner Jugendarbeit und 50% Feuerwehrtechnischer Dienst. Unter allgemeiner Jugendarbeit versteht man: Spiel, Spa\u00df und Sport Aufbau und Durchf\u00fchrung des Hutzelfeuers Rosenmontagswagenbau Besichtigungen Erlebniswanderungen Zeltlager &#8222;Disco&#8220; Ausfl\u00fcge H\u00fcttenabend Tischtennistuniere Kickertuniere Volleyball und vieles mehr Unter Feuerwehrtechnischer Dienst versteht man: Feuerwehrdienstvorschrift [&hellip;]<\/p>\n","protected":false},"author":2,"featured_media":0,"parent":11,"menu_order":1,"comment_status":"closed","ping_status":"closed","template":"","meta":{"footnotes":""},"class_list":["post-18","page","type-page","status-publish","hentry"],"_links":{"self":[{"href":"https:\/\/www.feuerwehren-gersfeld.de\/index.php?rest_route=\/wp\/v2\/pages\/18","targetHints":{"allow":["GET"]}}],"collection":[{"href":"https:\/\/www.feuerwehren-gersfeld.de\/index.php?rest_route=\/wp\/v2\/pages"}],"about":[{"href":"https:\/\/www.feuerwehren-gersfeld.de\/index.php?rest_route=\/wp\/v2\/types\/page"}],"author":[{"embeddable":true,"href":"https:\/\/www.feuerwehren-gersfeld.de\/index.php?rest_route=\/wp\/v2\/users\/2"}],"replies":[{"embeddable":true,"href":"https:\/\/www.feuerwehren-gersfeld.de\/index.php?rest_route=%2Fwp%2Fv2%2Fcomments&post=18"}],"version-history":[{"count":26,"href":"https:\/\/www.feuerwehren-gersfeld.de\/index.php?rest_route=\/wp\/v2\/pages\/18\/revisions"}],"predecessor-version":[{"id":833,"href":"https:\/\/www.feuerwehren-gersfeld.de\/index.php?rest_route=\/wp\/v2\/pages\/18\/revisions\/833"}],"up":[{"embeddable":true,"href":"https:\/\/www.feuerwehren-gersfeld.de\/index.php?rest_route=\/wp\/v2\/pages\/11"}],"wp:attachment":[{"href":"https:\/\/www.feuerwehren-gersfeld.de\/index.php?rest_route=%2Fwp%2Fv2%2Fmedia&parent=18"}],"curies":[{"name":"wp","href":"https:\/\/api.w.org\/{rel}","templated":true}]}}