{"id":11,"date":"2014-08-16T16:41:19","date_gmt":"2014-08-16T14:41:19","guid":{"rendered":"http:\/\/www.feuerwehren-gersfeld.de\/?page_id=11"},"modified":"2022-11-22T13:26:31","modified_gmt":"2022-11-22T12:26:31","slug":"jugendfeuerwehr","status":"publish","type":"page","link":"https:\/\/www.feuerwehren-gersfeld.de\/?page_id=11","title":{"rendered":"Jugendfeuerwehr"},"content":{"rendered":"<p><strong>Was ist Jugendfeuerwehr?<\/strong><\/p>\n<p>Jugendfeuerwehr (kurz: JF) ist die Jugendabteilung der Freiwilligen Feuerwehren der St\u00e4dte und Gemeinden. Jugendliche im Alter zwischen 10-18 Jahre k\u00f6nnen hier Erfahrungen rund um die Feuerwehr sammeln.<br \/>\nDie Jugendfeuerwehr hat unter anderem zur Aufgabe Jugendliche f\u00fcr den Freiwilligen Feuerwehrdienst zu begeistern.<br \/>\nDoch Jugendfeuerwehr besteht nicht nur aus feuerwehrtechnischer Ausbildung, sondern auch aus allgemeiner Jugendarbeit (Spiel, Spa\u00df und Sport).<br \/>\nAn erster Stelle steht jedoch die Kameradschaft untereinander.<\/p>\n<p><strong>F\u00fcr uns bedeutet Jugendfeuerwehr<\/strong><\/p>\n<ul>\n<li>Unterst\u00fctzung<\/li>\n<li>Akzeptanz<\/li>\n<li>Kameradschaft<\/li>\n<li>Verst\u00e4ndnis<\/li>\n<li>Ausfl\u00fcge<\/li>\n<li>Vertrauen<\/li>\n<li>Gleichberechtigung<\/li>\n<li>Spa\u00df<\/li>\n<li>Erfolgserlebnisse<\/li>\n<li>Action<\/li>\n<li>Anerkennung<\/li>\n<li>Zusammenhalt<\/li>\n<li>Kontakte<\/li>\n<li>Feuerwehrtechnik<\/li>\n<li>und vieles mehr&#8230;<\/li>\n<\/ul>\n<p><strong>Wie werde ich Mitglied?<\/strong><br \/>\nKomm doch einfach mal vorbei in einer unserer drei Jugendfeuerwehren der Stadt Gersfeld\/Rh\u00f6n.<\/p>\n<p><strong>Gersfeld-Kernstadt<\/strong><br \/>\nWo? Feuerwehrhaus Gersfeld, Berliner Stra\u00dfe 9<br \/>\nWann? freitags 18:30 Uhr<\/p>\n<p><strong>Hettenhausen<\/strong><br \/>\nWo? Feuerwehrhaus Hettenhausen, Ringstra\u00dfe 2a<br \/>\nWann? montags 18:00 Uhr<\/p>\n<p><strong>Dalherda<\/strong><br \/>\nWo? Feuerwehrhaus Dalherda, Georg-August-Zinn-Stra\u00dfe 41<br \/>\nWann? freitags 18:00 Uhr.<\/p>\n<p>Oder wendet euch doch einfach an die verantwortlichen Jugendfeuerwehrwarte.<\/p>\n<p>Wir freuen uns auf Euer Kommen.<\/p>\n","protected":false},"excerpt":{"rendered":"<p>Was ist Jugendfeuerwehr? Jugendfeuerwehr (kurz: JF) ist die Jugendabteilung der Freiwilligen Feuerwehren der St\u00e4dte und Gemeinden. Jugendliche im Alter zwischen 10-18 Jahre k\u00f6nnen hier Erfahrungen rund um die Feuerwehr sammeln. Die Jugendfeuerwehr hat unter anderem zur Aufgabe Jugendliche f\u00fcr den Freiwilligen Feuerwehrdienst zu begeistern. Doch Jugendfeuerwehr besteht nicht nur aus feuerwehrtechnischer Ausbildung, sondern auch aus [&hellip;]<\/p>\n","protected":false},"author":2,"featured_media":0,"parent":0,"menu_order":2,"comment_status":"closed","ping_status":"closed","template":"","meta":{"footnotes":""},"class_list":["post-11","page","type-page","status-publish","hentry"],"_links":{"self":[{"href":"https:\/\/www.feuerwehren-gersfeld.de\/index.php?rest_route=\/wp\/v2\/pages\/11","targetHints":{"allow":["GET"]}}],"collection":[{"href":"https:\/\/www.feuerwehren-gersfeld.de\/index.php?rest_route=\/wp\/v2\/pages"}],"about":[{"href":"https:\/\/www.feuerwehren-gersfeld.de\/index.php?rest_route=\/wp\/v2\/types\/page"}],"author":[{"embeddable":true,"href":"https:\/\/www.feuerwehren-gersfeld.de\/index.php?rest_route=\/wp\/v2\/users\/2"}],"replies":[{"embeddable":true,"href":"https:\/\/www.feuerwehren-gersfeld.de\/index.php?rest_route=%2Fwp%2Fv2%2Fcomments&post=11"}],"version-history":[{"count":14,"href":"https:\/\/www.feuerwehren-gersfeld.de\/index.php?rest_route=\/wp\/v2\/pages\/11\/revisions"}],"predecessor-version":[{"id":687,"href":"https:\/\/www.feuerwehren-gersfeld.de\/index.php?rest_route=\/wp\/v2\/pages\/11\/revisions\/687"}],"wp:attachment":[{"href":"https:\/\/www.feuerwehren-gersfeld.de\/index.php?rest_route=%2Fwp%2Fv2%2Fmedia&parent=11"}],"curies":[{"name":"wp","href":"https:\/\/api.w.org\/{rel}","templated":true}]}}